{"id":8,"date":"2019-08-14T08:08:03","date_gmt":"2019-08-14T08:08:03","guid":{"rendered":"http:\/\/klaushuelsewiesche.de\/?page_id=8"},"modified":"2022-09-26T08:03:06","modified_gmt":"2022-09-26T08:03:06","slug":"vita","status":"publish","type":"page","link":"https:\/\/klaushuelsewiesche.de\/?page_id=8","title":{"rendered":"Vita"},"content":{"rendered":"<p><img loading=\"lazy\" decoding=\"async\" class=\"alignnone wp-image-54 size-medium\" src=\"https:\/\/klaushuelsewiesche.de\/wp-content\/uploads\/2019\/08\/PS_KH14941Profil_MK-209x300.jpg\" alt=\"\" width=\"209\" height=\"300\" srcset=\"https:\/\/klaushuelsewiesche.de\/wp-content\/uploads\/2019\/08\/PS_KH14941Profil_MK-209x300.jpg 209w, https:\/\/klaushuelsewiesche.de\/wp-content\/uploads\/2019\/08\/PS_KH14941Profil_MK.jpg 412w\" sizes=\"auto, (max-width: 209px) 100vw, 209px\" \/><br \/>\nEinige Worte zu mir:<\/p>\n<p>Ich<br \/>\n&#8230; fotografiere weil und wenn es mir Spa\u00df macht.<br \/>\n&#8230; fotografiere gerne Menschen, aber nicht nur.<br \/>\n&#8230; mag keine Dogmatiker.<\/p>\n<p>Fotografie ist f\u00fcr mich die Freude an der Erschaffung von Bildern, die sowohl dem Model, als auch mir Freude bereiten.<br \/>\nEin Shooting sollte professionell aber in freundlicher Atmosph\u00e4re, mit Spa\u00df, ohne Hektik oder Stress ablaufen.<br \/>\nIch m\u00f6chte fotografisch noch vieles ausprobieren und lege mich deshalb nicht auf einen speziellen Stil fest, sondern habe Spa\u00df am Experimentieren und bin offen f\u00fcr neue Ideen!<br \/>\nEhrliche Kommentare und konstruktive Kritiken zu meinen Bildern sind immer willkommen! Besonders von inspirierenden, ehrlichen und humorvollen Menschen! (Energiefresser und N\u00f6rgler bitte weiter klicken, danke)<\/p>\n<p>Nachfragen und Vorschl\u00e4ge zu Shootings sind willkommen.<br \/>\nIch arbeite sehr gerne auch mit &#8222;Best Age&#8220; Modellen.<br \/>\nShootings immer mit Vertrag.<\/p>\n<p>Ich bin sowohl in der<br \/>\n<span style=\"color: #ff0000;\"><a style=\"color: #ff0000;\" href=\"https:\/\/www.fotocommunity.de\/fotograf\/kh-aus-mh\/1396332\" target=\"_blank\" rel=\"noopener noreferrer\">Fotocommunity<\/a><\/span><br \/>\nals auch in der<br \/>\n<span style=\"color: #ff0000;\"><a style=\"color: #ff0000;\" href=\"https:\/\/www.model-kartei.de\/sedcards\/fotograf\/92949\/kh-aus-mh\/\" target=\"_blank\" rel=\"noopener noreferrer\">Modelkartei<\/a><br \/>\n<\/span>und bei<br \/>\n<a href=\"https:\/\/500px.com\/khausmh\" target=\"_blank\" rel=\"noopener noreferrer\"><span style=\"color: #ff0000;\">500px<\/span><\/a><br \/>\nzu finden.<\/p>\n<p><span style=\"color: #ffff00;\">Austellungen, Ver\u00f6ffentlichungen:<\/span><\/p>\n<p>Diverse Brosch\u00fcren, Internetpr\u00e4senzen usw.<\/p>\n<p>Seit 2010 Teilnehmer der j\u00e4hrlichen Ausstellung &#8222;Kreative Generation&#8220;<br \/>\nVeranstalter: Henkel AG &amp; Co. KGaA<br \/>\nOrt: CreAtrium der Henkel AG &amp; Co. KGaA, D\u00fcsseldorf<\/p>\n<p>Initiator und Organisator:<br \/>\n<span style=\"color: #ff0000;\"><a style=\"color: #ff0000;\" href=\"https:\/\/klaushuelsewiesche.de\/?page_id=380\">Der M\u00fclheimer Fototage in der Alten Dreherei, M\u00fclheim<\/a><\/span><\/p>\n","protected":false},"excerpt":{"rendered":"<p>Einige Worte zu mir: Ich &#8230; fotografiere weil und wenn es mir Spa\u00df macht. &#8230; fotografiere gerne Menschen, aber nicht nur. &#8230; mag keine Dogmatiker. Fotografie ist f\u00fcr mich die Freude an der Erschaffung von Bildern, die sowohl dem Model, als auch mir Freude bereiten. Ein Shooting sollte professionell aber in freundlicher Atmosph\u00e4re, mit Spa\u00df, &hellip; <\/p>\n<p class=\"link-more\"><a href=\"https:\/\/klaushuelsewiesche.de\/?page_id=8\" class=\"more-link\"><span class=\"screen-reader-text\">\u201eVita\u201c<\/span> weiterlesen<\/a><\/p>\n","protected":false},"author":1,"featured_media":0,"parent":0,"menu_order":0,"comment_status":"closed","ping_status":"closed","template":"","meta":{"footnotes":""},"class_list":["post-8","page","type-page","status-publish","hentry"],"_links":{"self":[{"href":"https:\/\/klaushuelsewiesche.de\/index.php?rest_route=\/wp\/v2\/pages\/8","targetHints":{"allow":["GET"]}}],"collection":[{"href":"https:\/\/klaushuelsewiesche.de\/index.php?rest_route=\/wp\/v2\/pages"}],"about":[{"href":"https:\/\/klaushuelsewiesche.de\/index.php?rest_route=\/wp\/v2\/types\/page"}],"author":[{"embeddable":true,"href":"https:\/\/klaushuelsewiesche.de\/index.php?rest_route=\/wp\/v2\/users\/1"}],"replies":[{"embeddable":true,"href":"https:\/\/klaushuelsewiesche.de\/index.php?rest_route=%2Fwp%2Fv2%2Fcomments&post=8"}],"version-history":[{"count":14,"href":"https:\/\/klaushuelsewiesche.de\/index.php?rest_route=\/wp\/v2\/pages\/8\/revisions"}],"predecessor-version":[{"id":413,"href":"https:\/\/klaushuelsewiesche.de\/index.php?rest_route=\/wp\/v2\/pages\/8\/revisions\/413"}],"wp:attachment":[{"href":"https:\/\/klaushuelsewiesche.de\/index.php?rest_route=%2Fwp%2Fv2%2Fmedia&parent=8"}],"curies":[{"name":"wp","href":"https:\/\/api.w.org\/{rel}","templated":true}]}}